{"id":1643,"date":"2016-01-20T10:34:59","date_gmt":"2016-01-20T13:34:59","guid":{"rendered":"https:\/\/soletrar.com.br\/?page_id=1643"},"modified":"2018-06-21T14:11:18","modified_gmt":"2018-06-21T17:11:18","slug":"bercario-04m-01-ano-e-06m","status":"publish","type":"page","link":"https:\/\/soletrar.com.br\/?page_id=1643","title":{"rendered":"Berc\u00e1rio 04m &#8211; 01 ano e 06m"},"content":{"rendered":"<h5><strong>CONVERSANDO SOBRE OS OBJETIVOS DO BER\u00c7\u00c1RIO<\/strong><strong>\u00a0<\/strong><\/h5>\n<p style=\"font-weight: 400;\">Trabalharmos com a faixa et\u00e1ria de 4 meses a 1 ano e 6 meses. Garantir trabalho\u00a0<em>motor<\/em>; caminhar (andar), contato com o mundo sonoro,\u00a0<em>aten\u00e7\u00e3o auditiva<\/em>, trabalho\u00a0<em>oral,<\/em>\u00a0prote\u00e7\u00e3o(&#8230;) lembrando que o ber\u00e7\u00e1rio \u00e9 o primeiro espa\u00e7o.<\/p>\n<p style=\"font-weight: 400;\">A crian\u00e7a passar\u00e1 a ser estimulada; passar\u00e1 a se familiarizar com o mundo e com outros parceiros de brincadeiras (adultos e crian\u00e7as). Com isso, cada objeto, a seu redor, passar\u00e1 a ter um significado (um \u201carquivamento\u201d\u00a0<em>visual,<\/em>\u00a0<em>auditivo, sensorial\u00a0<\/em>sobre cada \u00edcone; objeto, usos e fun\u00e7\u00f5es&#8230;).<\/p>\n<p style=\"font-weight: 400;\">Garantir os cuidados (higiene, alimenta\u00e7\u00e3o, carinho), fazem parte da a\u00e7\u00e3o da Ber\u00e7arista e Auxiliares. Suas fun\u00e7\u00f5es ser\u00e3o garantir bem-estar valorizando o desenvolvimento geral destas crian\u00e7as (social, emocional, motor, lingu\u00edstico&#8230;).<\/p>\n\n<div style=\"display: block !important; margin:0 !important; padding: 0 !important\" id=\"wpp_popup_post_end_element\"><\/div>","protected":false},"excerpt":{"rendered":"<p>CONVERSANDO SOBRE OS OBJETIVOS DO BER\u00c7\u00c1RIO\u00a0 Trabalharmos com a faixa et\u00e1ria de 4 meses a 1 ano e 6 meses. Garantir trabalho\u00a0motor; caminhar (andar), contato com o mundo sonoro,\u00a0aten\u00e7\u00e3o auditiva, trabalho\u00a0oral,\u00a0prote\u00e7\u00e3o(&#8230;) lembrando que o ber\u00e7\u00e1rio \u00e9 o primeiro espa\u00e7o. A crian\u00e7a passar\u00e1 a ser estimulada; passar\u00e1 a se familiarizar com o mundo e com outros [&hellip;]<\/p>\n","protected":false},"author":1,"featured_media":0,"parent":0,"menu_order":0,"comment_status":"open","ping_status":"open","template":"","meta":{"footnotes":""},"_links":{"self":[{"href":"https:\/\/soletrar.com.br\/index.php?rest_route=\/wp\/v2\/pages\/1643"}],"collection":[{"href":"https:\/\/soletrar.com.br\/index.php?rest_route=\/wp\/v2\/pages"}],"about":[{"href":"https:\/\/soletrar.com.br\/index.php?rest_route=\/wp\/v2\/types\/page"}],"author":[{"embeddable":true,"href":"https:\/\/soletrar.com.br\/index.php?rest_route=\/wp\/v2\/users\/1"}],"replies":[{"embeddable":true,"href":"https:\/\/soletrar.com.br\/index.php?rest_route=%2Fwp%2Fv2%2Fcomments&post=1643"}],"version-history":[{"count":2,"href":"https:\/\/soletrar.com.br\/index.php?rest_route=\/wp\/v2\/pages\/1643\/revisions"}],"predecessor-version":[{"id":1916,"href":"https:\/\/soletrar.com.br\/index.php?rest_route=\/wp\/v2\/pages\/1643\/revisions\/1916"}],"wp:attachment":[{"href":"https:\/\/soletrar.com.br\/index.php?rest_route=%2Fwp%2Fv2%2Fmedia&parent=1643"}],"curies":[{"name":"wp","href":"https:\/\/api.w.org\/{rel}","templated":true}]}}