{"id":2,"date":"2014-10-01T17:03:03","date_gmt":"2014-10-01T17:03:03","guid":{"rendered":"https:\/\/soletrar.com.br\/wps\/?page_id=2"},"modified":"2018-06-21T14:12:26","modified_gmt":"2018-06-21T17:12:26","slug":"mini-maternal","status":"publish","type":"page","link":"https:\/\/soletrar.com.br\/?page_id=2","title":{"rendered":"Mini-Maternal"},"content":{"rendered":"<p>Trabalharmos com a faixa et\u00e1ria iniciando a explora\u00e7\u00e3o do ambiente em que vive, para distinguir os diferentes modos de integra\u00e7\u00e3o em cada ambiente em que ir\u00e1 transitar.<\/p>\n<p>A crian\u00e7a neste contexto ir\u00e1 interessar-se progressivamente pelo cuidado de seu pr\u00f3prio corpo e acabar fazendo as primeiras associa\u00e7\u00f5es e imita\u00e7\u00f5es.<\/p>\n<p>Relacionar-se-\u00e1 com mais crian\u00e7as, com professores e com demais profissionais da institui\u00e7\u00e3o.<\/p>\n<p>As crian\u00e7as, nesta faixa et\u00e1ria, ser\u00e3o estimuladas a fim de explorarem e manipularem objetos percebendo suas diferen\u00e7as. Com tantos est\u00edmulos sua linguagem, audi\u00e7\u00e3o e rela\u00e7\u00f5es sociais v\u00e3o se desenvolvendo.<\/p>\n<p>Al\u00e9m destes aspectos a\u00a0<i>coordena\u00e7\u00e3o motora geral, viso-motora e fina<\/i>, tamb\u00e9m facilitar\u00e3o as diferentes experi\u00eancias que a crian\u00e7a ir\u00e1 realizar.<\/p>\n<p>Com isso a \u201cautonomia&#8221; acabar\u00e1 sendo atingida uma vez que a crian\u00e7a ir\u00e1 ter responsabilidades diferentes: organizar, selecionar materiais de uso pessoal e brinquedos da sala.<\/p>\n<p>A possibilidade dos jogos simb\u00f3licos, dos jogos sociais, acabar\u00e1 expondo a crian\u00e7a \u00e0s diferentes experi\u00eancias, al\u00e9m de emo\u00e7\u00f5es diferenciadas que far\u00e3o com que o \u201cnen\u00ea\u201d se transforme em uma \u201ccrian\u00e7a pequena\u201d.<\/p>\n\n<div style=\"display: block !important; margin:0 !important; padding: 0 !important\" id=\"wpp_popup_post_end_element\"><\/div>","protected":false},"excerpt":{"rendered":"<p>Trabalharmos com a faixa et\u00e1ria iniciando a explora\u00e7\u00e3o do ambiente em que vive, para distinguir os diferentes modos de integra\u00e7\u00e3o em cada ambiente em que ir\u00e1 transitar. A crian\u00e7a neste contexto ir\u00e1 interessar-se progressivamente pelo cuidado de seu pr\u00f3prio corpo e acabar fazendo as primeiras associa\u00e7\u00f5es e imita\u00e7\u00f5es. Relacionar-se-\u00e1 com mais crian\u00e7as, com professores e [&hellip;]<\/p>\n","protected":false},"author":1,"featured_media":0,"parent":0,"menu_order":0,"comment_status":"open","ping_status":"open","template":"","meta":{"footnotes":""},"_links":{"self":[{"href":"https:\/\/soletrar.com.br\/index.php?rest_route=\/wp\/v2\/pages\/2"}],"collection":[{"href":"https:\/\/soletrar.com.br\/index.php?rest_route=\/wp\/v2\/pages"}],"about":[{"href":"https:\/\/soletrar.com.br\/index.php?rest_route=\/wp\/v2\/types\/page"}],"author":[{"embeddable":true,"href":"https:\/\/soletrar.com.br\/index.php?rest_route=\/wp\/v2\/users\/1"}],"replies":[{"embeddable":true,"href":"https:\/\/soletrar.com.br\/index.php?rest_route=%2Fwp%2Fv2%2Fcomments&post=2"}],"version-history":[{"count":1,"href":"https:\/\/soletrar.com.br\/index.php?rest_route=\/wp\/v2\/pages\/2\/revisions"}],"predecessor-version":[{"id":1917,"href":"https:\/\/soletrar.com.br\/index.php?rest_route=\/wp\/v2\/pages\/2\/revisions\/1917"}],"wp:attachment":[{"href":"https:\/\/soletrar.com.br\/index.php?rest_route=%2Fwp%2Fv2%2Fmedia&parent=2"}],"curies":[{"name":"wp","href":"https:\/\/api.w.org\/{rel}","templated":true}]}}