{"id":510,"date":"2014-10-02T14:51:35","date_gmt":"2014-10-02T17:51:35","guid":{"rendered":"https:\/\/soletrar.com.br\/wps\/?page_id=510"},"modified":"2014-11-06T10:22:21","modified_gmt":"2014-11-06T13:22:21","slug":"maternal-i","status":"publish","type":"page","link":"https:\/\/soletrar.com.br\/?page_id=510","title":{"rendered":"Maternal I"},"content":{"rendered":"<p>Em breve teremos muitas novidades!<\/p>\n<p>Conte\u00fado em constru\u00e7\u00e3o!<\/p>\n\n<div style=\"display: block !important; margin:0 !important; padding: 0 !important\" id=\"wpp_popup_post_end_element\"><\/div>","protected":false},"excerpt":{"rendered":"<p>Em breve teremos muitas novidades! Conte\u00fado em constru\u00e7\u00e3o!<\/p>\n","protected":false},"author":1,"featured_media":0,"parent":0,"menu_order":0,"comment_status":"open","ping_status":"open","template":"","meta":{"footnotes":""},"_links":{"self":[{"href":"https:\/\/soletrar.com.br\/index.php?rest_route=\/wp\/v2\/pages\/510"}],"collection":[{"href":"https:\/\/soletrar.com.br\/index.php?rest_route=\/wp\/v2\/pages"}],"about":[{"href":"https:\/\/soletrar.com.br\/index.php?rest_route=\/wp\/v2\/types\/page"}],"author":[{"embeddable":true,"href":"https:\/\/soletrar.com.br\/index.php?rest_route=\/wp\/v2\/users\/1"}],"replies":[{"embeddable":true,"href":"https:\/\/soletrar.com.br\/index.php?rest_route=%2Fwp%2Fv2%2Fcomments&post=510"}],"version-history":[{"count":0,"href":"https:\/\/soletrar.com.br\/index.php?rest_route=\/wp\/v2\/pages\/510\/revisions"}],"wp:attachment":[{"href":"https:\/\/soletrar.com.br\/index.php?rest_route=%2Fwp%2Fv2%2Fmedia&parent=510"}],"curies":[{"name":"wp","href":"https:\/\/api.w.org\/{rel}","templated":true}]}}