{"id":821,"date":"2014-10-06T17:16:54","date_gmt":"2014-10-06T20:16:54","guid":{"rendered":"https:\/\/soletrar.com.br\/wps\/?page_id=821"},"modified":"2016-01-20T10:28:49","modified_gmt":"2016-01-20T13:28:49","slug":"cursos-extras","status":"publish","type":"page","link":"https:\/\/soletrar.com.br\/?page_id=821","title":{"rendered":"Cursos Extras"},"content":{"rendered":"<p>CIRCO e CAPOEIRA s\u00e3o os cursos curriculares e visam o desenvolvimento psicomotor poss\u00edveis e saud\u00e1veis para as faixas\u00a0et\u00e1rias dos nossos clientes.<br \/>\nEstes cursos foram AGLUTINADOS em nossa Proposta Pedag\u00f3gica, complementando nossas A\u00e7\u00f5es Educativas.<\/p>\n<p>BALLET\u00a0 E INGL\u00caS\u00a0s\u00e3o cursos complementares, cada fam\u00edlia determina qual curso o aluno ser\u00e1 ou n\u00e3o inscrito.<br \/>\nOs parceiros eleitos, conhecem nossa Filosofia e a linguagem da Escola, integrando e somando positivamente ao trabalho de desenvolvimento das habilidades destes pequenos.<br \/>\n* durante a semana as fam\u00edlias receber\u00e3o as fichas de inscri\u00e7\u00e3o contendo informa\u00e7\u00f5es, valores e datas dos cursos.<\/p>\n\n<div style=\"display: block !important; margin:0 !important; padding: 0 !important\" id=\"wpp_popup_post_end_element\"><\/div>","protected":false},"excerpt":{"rendered":"<p>CIRCO e CAPOEIRA s\u00e3o os cursos curriculares e visam o desenvolvimento psicomotor poss\u00edveis e saud\u00e1veis para as faixas\u00a0et\u00e1rias dos nossos clientes. Estes cursos foram AGLUTINADOS em nossa Proposta Pedag\u00f3gica, complementando nossas A\u00e7\u00f5es Educativas. BALLET\u00a0 E INGL\u00caS\u00a0s\u00e3o cursos complementares, cada fam\u00edlia determina qual curso o aluno ser\u00e1 ou n\u00e3o inscrito. Os parceiros eleitos, conhecem nossa Filosofia [&hellip;]<\/p>\n","protected":false},"author":1,"featured_media":0,"parent":0,"menu_order":0,"comment_status":"open","ping_status":"open","template":"","meta":{"footnotes":""},"_links":{"self":[{"href":"https:\/\/soletrar.com.br\/index.php?rest_route=\/wp\/v2\/pages\/821"}],"collection":[{"href":"https:\/\/soletrar.com.br\/index.php?rest_route=\/wp\/v2\/pages"}],"about":[{"href":"https:\/\/soletrar.com.br\/index.php?rest_route=\/wp\/v2\/types\/page"}],"author":[{"embeddable":true,"href":"https:\/\/soletrar.com.br\/index.php?rest_route=\/wp\/v2\/users\/1"}],"replies":[{"embeddable":true,"href":"https:\/\/soletrar.com.br\/index.php?rest_route=%2Fwp%2Fv2%2Fcomments&post=821"}],"version-history":[{"count":1,"href":"https:\/\/soletrar.com.br\/index.php?rest_route=\/wp\/v2\/pages\/821\/revisions"}],"predecessor-version":[{"id":1642,"href":"https:\/\/soletrar.com.br\/index.php?rest_route=\/wp\/v2\/pages\/821\/revisions\/1642"}],"wp:attachment":[{"href":"https:\/\/soletrar.com.br\/index.php?rest_route=%2Fwp%2Fv2%2Fmedia&parent=821"}],"curies":[{"name":"wp","href":"https:\/\/api.w.org\/{rel}","templated":true}]}}